{"id":243,"date":"2018-04-11T11:59:40","date_gmt":"2018-04-11T11:59:40","guid":{"rendered":"https:\/\/airtren.com\/?page_id=243"},"modified":"2018-04-11T14:22:21","modified_gmt":"2018-04-11T14:22:21","slug":"laser-escaner","status":"publish","type":"page","link":"https:\/\/airtren.com\/?page_id=243","title":{"rendered":"L\u00c1SER ESCANER"},"content":{"rendered":"<p>Siempre con la tendencia\u00a0 de estar rodeada de la tecnolog\u00eda que aunque parezca futurista, es ahora presente.<\/p>\n<p>AIRTREN se ha hecho con tecnolog\u00eda L\u00e1ser escaner de gran precisi\u00f3n para la elaboraci\u00f3n de:<\/p>\n<ul>\n<li>Inventario<\/li>\n<li>Levantamiento de estaciones<\/li>\n<li>Seguimiento de obras<\/li>\n<li>Proyectos As-Built<\/li>\n<\/ul>\n<p>En la siguiente foto podemos mostrar la precisi\u00f3n:<\/p>\n<ul>\n<li>Ancho de v\u00eda real: 1.668 mm<\/li>\n<li>Ancho de v\u00eda obtenido: 1.669 mm<\/li>\n<\/ul>\n<p><img loading=\"lazy\" decoding=\"async\" class=\"size-full wp-image-257 aligncenter\" style=\"font-size: 1.25rem;\" src=\"https:\/\/airtren.com\/wp-content\/uploads\/2018\/04\/faro-illescas.jpg\" alt=\"\" width=\"883\" height=\"497\" srcset=\"https:\/\/airtren.com\/wp-content\/uploads\/2018\/04\/faro-illescas.jpg 883w, https:\/\/airtren.com\/wp-content\/uploads\/2018\/04\/faro-illescas-300x169.jpg 300w, https:\/\/airtren.com\/wp-content\/uploads\/2018\/04\/faro-illescas-768x432.jpg 768w\" sizes=\"auto, (max-width: 709px) 94vw, (max-width: 909px) 67vw, (max-width: 1362px) 62vw, 840px\" \/><\/p>\n","protected":false},"excerpt":{"rendered":"<p>Siempre con la tendencia\u00a0 de estar rodeada de la tecnolog\u00eda que aunque parezca futurista, es ahora presente. AIRTREN se ha &hellip; <a href=\"https:\/\/airtren.com\/?page_id=243\" class=\"more-link\"><span class=\"more-button\">Continue reading &gt;<span class=\"screen-reader-text\">L\u00c1SER ESCANER<\/span><\/span><\/a><\/p>\n","protected":false},"author":1,"featured_media":0,"parent":0,"menu_order":0,"comment_status":"closed","ping_status":"closed","template":"","meta":{"footnotes":""},"class_list":["post-243","page","type-page","status-publish","hentry"],"_links":{"self":[{"href":"https:\/\/airtren.com\/index.php?rest_route=\/wp\/v2\/pages\/243","targetHints":{"allow":["GET"]}}],"collection":[{"href":"https:\/\/airtren.com\/index.php?rest_route=\/wp\/v2\/pages"}],"about":[{"href":"https:\/\/airtren.com\/index.php?rest_route=\/wp\/v2\/types\/page"}],"author":[{"embeddable":true,"href":"https:\/\/airtren.com\/index.php?rest_route=\/wp\/v2\/users\/1"}],"replies":[{"embeddable":true,"href":"https:\/\/airtren.com\/index.php?rest_route=%2Fwp%2Fv2%2Fcomments&post=243"}],"version-history":[{"count":5,"href":"https:\/\/airtren.com\/index.php?rest_route=\/wp\/v2\/pages\/243\/revisions"}],"predecessor-version":[{"id":258,"href":"https:\/\/airtren.com\/index.php?rest_route=\/wp\/v2\/pages\/243\/revisions\/258"}],"wp:attachment":[{"href":"https:\/\/airtren.com\/index.php?rest_route=%2Fwp%2Fv2%2Fmedia&parent=243"}],"curies":[{"name":"wp","href":"https:\/\/api.w.org\/{rel}","templated":true}]}}