{"id":17,"date":"2017-11-06T14:04:40","date_gmt":"2017-11-06T14:04:40","guid":{"rendered":"http:\/\/airtren.com\/wordpress\/?page_id=17"},"modified":"2018-04-11T10:34:16","modified_gmt":"2018-04-11T10:34:16","slug":"id","status":"publish","type":"page","link":"https:\/\/airtren.com\/?page_id=17","title":{"rendered":"I+D"},"content":{"rendered":"<p>Al ser una compa\u00f1\u00eda \u00e1gil AIRTREN ve de gran valor el anticiparse al futuro y es por eso que forma parte activamente en el desarrollo de componentes tecnol\u00f3gicamente avanzados\u00a0 a trav\u00e9s de:<\/p>\n<ul>\n<li>Subvenciones del H2020<\/li>\n<li>Inversi\u00f3n propia<\/li>\n<\/ul>\n<p>Algunos ejemplos son:<\/p>\n<ul>\n<li><a href=\"https:\/\/airtren.com\/?page_id=73\">RIFLEX<\/a><\/li>\n<li><a href=\"https:\/\/airtren.com\/?p=61\">SAFT II<\/a><\/li>\n<\/ul>\n","protected":false},"excerpt":{"rendered":"<p>Al ser una compa\u00f1\u00eda \u00e1gil AIRTREN ve de gran valor el anticiparse al futuro y es por eso que forma &hellip; <a href=\"https:\/\/airtren.com\/?page_id=17\" class=\"more-link\"><span class=\"more-button\">Continue reading &gt;<span class=\"screen-reader-text\">I+D<\/span><\/span><\/a><\/p>\n","protected":false},"author":1,"featured_media":0,"parent":0,"menu_order":0,"comment_status":"closed","ping_status":"closed","template":"","meta":{"footnotes":""},"class_list":["post-17","page","type-page","status-publish","hentry"],"_links":{"self":[{"href":"https:\/\/airtren.com\/index.php?rest_route=\/wp\/v2\/pages\/17","targetHints":{"allow":["GET"]}}],"collection":[{"href":"https:\/\/airtren.com\/index.php?rest_route=\/wp\/v2\/pages"}],"about":[{"href":"https:\/\/airtren.com\/index.php?rest_route=\/wp\/v2\/types\/page"}],"author":[{"embeddable":true,"href":"https:\/\/airtren.com\/index.php?rest_route=\/wp\/v2\/users\/1"}],"replies":[{"embeddable":true,"href":"https:\/\/airtren.com\/index.php?rest_route=%2Fwp%2Fv2%2Fcomments&post=17"}],"version-history":[{"count":4,"href":"https:\/\/airtren.com\/index.php?rest_route=\/wp\/v2\/pages\/17\/revisions"}],"predecessor-version":[{"id":224,"href":"https:\/\/airtren.com\/index.php?rest_route=\/wp\/v2\/pages\/17\/revisions\/224"}],"wp:attachment":[{"href":"https:\/\/airtren.com\/index.php?rest_route=%2Fwp%2Fv2%2Fmedia&parent=17"}],"curies":[{"name":"wp","href":"https:\/\/api.w.org\/{rel}","templated":true}]}}