{"id":15,"date":"2017-11-06T14:04:40","date_gmt":"2017-11-06T14:04:40","guid":{"rendered":"http:\/\/airtren.com\/wordpress\/?page_id=15"},"modified":"2018-04-11T15:32:34","modified_gmt":"2018-04-11T15:32:34","slug":"actividad","status":"publish","type":"page","link":"https:\/\/airtren.com\/?page_id=15","title":{"rendered":"ACTIVIDAD"},"content":{"rendered":"<table style=\"height: 1639px;\" width=\"937\">\n<tbody>\n<tr>\n<td style=\"padding-left: 30px;\" width=\"183\"><b>Ingenier\u00eda especializada en Instalaciones Ferroviarias y Metropolitanas<br \/>\n(Se\u00f1alizaci\u00f3n Segura, Telecomunicaciones, Electrificaci\u00f3n, Subestaciones El\u00e9ctricas y Telemandos)<\/b><\/td>\n<\/tr>\n<tr>\n<td width=\"183\"><\/td>\n<\/tr>\n<tr>\n<td width=\"183\">\n<p style=\"padding-left: 210px;\"><b>\u25a0RAMS<\/b><b>: Estudios y <\/b><b>dossieres<\/b><b> de seguridad<\/b><\/p>\n<p style=\"padding-left: 210px;\"><b>\u25a0 I+D<\/b><\/p>\n<p style=\"padding-left: 210px;\"><b>\u25a0<\/b><b>Redacci\u00f3n de proyectos de instalaciones ferroviarias y metropolitanas<\/b><\/p>\n<p style=\"padding-left: 210px;\"><b> <\/b>\u25a0\u00a0<b>Redacci\u00f3n de anteproyectos\u00a0<\/b><\/p>\n<p style=\"padding-left: 210px;\">\u25a0\u00a0<b>Direcci\u00f3n facultativa de obras<\/b><\/p>\n<p style=\"padding-left: 210px;\">\u25a0\u00a0<b>Redacci\u00f3n de proyectos de seguridad y salud\u00a0<\/b><\/p>\n<p style=\"padding-left: 210px;\">\u25a0\u00a0<b>Coordinaci\u00f3n de seguridad y salud laboral\u00a0<\/b><\/p>\n<p style=\"padding-left: 210px;\">\u25a0\u00a0<b>Gesti\u00f3n de proyectos: \u201c<\/b><b>project<\/b> <b>management<\/b><b>\u201d\u00a0<\/b><\/p>\n<p style=\"padding-left: 210px;\">\u25a0\u00a0<b>Asistencias a la direcci\u00f3n de obras\u00a0<\/b><\/p>\n<p style=\"padding-left: 210px;\">\u25a0\u00a0<b>Vigilancia e Inspecci\u00f3n de obras ferroviarias<\/b><\/p>\n<p style=\"padding-left: 210px;\">\u25a0\u00a0<b>Asistencias t\u00e9cnicas tem\u00e1ticas\u00a0<\/b><\/p>\n<p style=\"padding-left: 210px;\">\u25a0\u00a0<b>\u201cSafety cases\u201d de sistemas de seguridad intr\u00ednseca\u00a0<\/b><\/p>\n<p style=\"padding-left: 210px;\">\u25a0\u00a0<b>Redacci\u00f3n de pliegos de bases para concursos p\u00fablicos\u00a0<\/b><\/p>\n<p style=\"padding-left: 210px;\">\u25a0\u00a0<b>Asistencia t\u00e9cnica a la redacci\u00f3n de propuestas para concursos p\u00fablicos.\u00a0<\/b><\/p>\n<p style=\"padding-left: 210px;\">\u25a0\u00a0<b>Estudios de mercado\u00a0<\/b><\/p>\n<p style=\"padding-left: 210px;\">\u25a0\u00a0<b>Estudios de l\u00edneas transportes y capacidades\u00a0<\/b><\/p>\n<p style=\"padding-left: 210px;\"><b> <\/b>\u25a0\u00a0<b>Gesti\u00f3n de mantenimiento de instalaciones\u00a0<\/b><\/p>\n<p style=\"padding-left: 210px;\"><b> <\/b>\u25a0\u00a0<b>Homologaci\u00f3n de equipos y sistemas ferroviarios<\/b><\/p>\n<p style=\"padding-left: 210px;\"><b> <\/b>\u25a0\u00a0<b>Formaci\u00f3n de especialistas en instalaciones ferroviarias\u00a0<\/b><\/p>\n<p style=\"padding-left: 210px;\"><b> <\/b>\u25a0\u00a0<b>Generaci\u00f3n de simuladores y modelos ferroviarios\u00a0<\/b><\/p>\n<p style=\"padding-left: 210px;\"><b> <\/b>\u25a0\u00a0<b>Gesti\u00f3n de concesiones y BOT<\/b><\/p>\n<p style=\"padding-left: 210px;\"><b>\u25a0\u00a0Redacci\u00f3n<\/b><b> de propuestas t\u00e9cnicas a consorcios<\/b><\/p>\n<p style=\"padding-left: 210px;\"><b>\u25a0Peritajes<\/b><\/p>\n<\/td>\n<\/tr>\n<\/tbody>\n<\/table>\n","protected":false},"excerpt":{"rendered":"<p>Ingenier\u00eda especializada en Instalaciones Ferroviarias y Metropolitanas (Se\u00f1alizaci\u00f3n Segura, Telecomunicaciones, Electrificaci\u00f3n, Subestaciones El\u00e9ctricas y Telemandos) \u25a0RAMS: Estudios y dossieres de &hellip; <a href=\"https:\/\/airtren.com\/?page_id=15\" class=\"more-link\"><span class=\"more-button\">Continue reading &gt;<span class=\"screen-reader-text\">ACTIVIDAD<\/span><\/span><\/a><\/p>\n","protected":false},"author":1,"featured_media":0,"parent":0,"menu_order":0,"comment_status":"closed","ping_status":"closed","template":"","meta":{"footnotes":""},"class_list":["post-15","page","type-page","status-publish","hentry"],"_links":{"self":[{"href":"https:\/\/airtren.com\/index.php?rest_route=\/wp\/v2\/pages\/15","targetHints":{"allow":["GET"]}}],"collection":[{"href":"https:\/\/airtren.com\/index.php?rest_route=\/wp\/v2\/pages"}],"about":[{"href":"https:\/\/airtren.com\/index.php?rest_route=\/wp\/v2\/types\/page"}],"author":[{"embeddable":true,"href":"https:\/\/airtren.com\/index.php?rest_route=\/wp\/v2\/users\/1"}],"replies":[{"embeddable":true,"href":"https:\/\/airtren.com\/index.php?rest_route=%2Fwp%2Fv2%2Fcomments&post=15"}],"version-history":[{"count":9,"href":"https:\/\/airtren.com\/index.php?rest_route=\/wp\/v2\/pages\/15\/revisions"}],"predecessor-version":[{"id":276,"href":"https:\/\/airtren.com\/index.php?rest_route=\/wp\/v2\/pages\/15\/revisions\/276"}],"wp:attachment":[{"href":"https:\/\/airtren.com\/index.php?rest_route=%2Fwp%2Fv2%2Fmedia&parent=15"}],"curies":[{"name":"wp","href":"https:\/\/api.w.org\/{rel}","templated":true}]}}