{"id":14,"date":"2017-11-06T14:04:40","date_gmt":"2017-11-06T14:04:40","guid":{"rendered":"http:\/\/airtren.com\/wordpress\/?page_id=14"},"modified":"2025-01-16T13:33:00","modified_gmt":"2025-01-16T13:33:00","slug":"inicio","status":"publish","type":"page","link":"https:\/\/airtren.com\/?page_id=14","title":{"rendered":"INICIO"},"content":{"rendered":"\t\t<div data-elementor-type=\"wp-page\" data-elementor-id=\"14\" class=\"elementor elementor-14\">\n\t\t\t\t\t\t\t\t\t<section class=\"elementor-section elementor-top-section elementor-element elementor-element-5cbf5c37 elementor-section-boxed elementor-section-height-default elementor-section-height-default\" data-id=\"5cbf5c37\" data-element_type=\"section\">\n\t\t\t\t\t\t<div class=\"elementor-container elementor-column-gap-default\">\n\t\t\t\t\t<div class=\"elementor-column elementor-col-100 elementor-top-column elementor-element elementor-element-2de67cf6\" data-id=\"2de67cf6\" data-element_type=\"column\">\n\t\t\t<div class=\"elementor-widget-wrap elementor-element-populated\">\n\t\t\t\t\t\t\t\t<div class=\"elementor-element elementor-element-4381a4df elementor-widget elementor-widget-text-editor\" data-id=\"4381a4df\" data-element_type=\"widget\" data-widget_type=\"text-editor.default\">\n\t\t\t\t<div class=\"elementor-widget-container\">\n\t\t\t<style>\/*! elementor - v3.6.6 - 08-06-2022 *\/\n.elementor-widget-text-editor.elementor-drop-cap-view-stacked .elementor-drop-cap{background-color:#818a91;color:#fff}.elementor-widget-text-editor.elementor-drop-cap-view-framed .elementor-drop-cap{color:#818a91;border:3px solid;background-color:transparent}.elementor-widget-text-editor:not(.elementor-drop-cap-view-default) .elementor-drop-cap{margin-top:8px}.elementor-widget-text-editor:not(.elementor-drop-cap-view-default) .elementor-drop-cap-letter{width:1em;height:1em}.elementor-widget-text-editor .elementor-drop-cap{float:left;text-align:center;line-height:1;font-size:50px}.elementor-widget-text-editor .elementor-drop-cap-letter{display:inline-block}<\/style>\t\t\t\t<p style=\"text-align: center;\"><span style=\"color: #ff6600;\"><span lang=\"ES\">AIRTREN S.L.<\/span><\/span><\/p><p style=\"text-align: center;\">\u00a0E<span lang=\"ES\">s una compa\u00f1\u00eda espa\u00f1ola de Ingenier\u00eda especializada en el mundo de \u00a0Instalaciones Ferroviarias como:<\/span><\/p><ul><li>Se\u00f1alizaci\u00f3n Ferroviaria<\/li><li>Sistemas ERTMS y ETCS<\/li><li>Sistemas CBTC, ATP, ATO y ATC<\/li><li>Telecomunicaciones<\/li><li>Radio Tren-Tierra y GSM-R<\/li><li>Detectores Ferroviarios para Alta Velocidad<\/li><li>Redes El\u00e9ctricas y Suministros y U.P.S.<\/li><li>Electrificaci\u00f3n<\/li><li>Subestaciones El\u00e9ctricas<\/li><li>Seguridad y Salud Laboral<\/li><li>Material Rodante<\/li><li>Laser 3D, Nubes de puntos<\/li><\/ul><p>\u00a0<\/p><p>\u00a0<\/p><p>\u00a0<\/p>\t\t\t\t\t\t<\/div>\n\t\t\t\t<\/div>\n\t\t\t\t\t<\/div>\n\t\t<\/div>\n\t\t\t\t\t\t\t<\/div>\n\t\t<\/section>\n\t\t\t\t\t\t\t<\/div>\n\t\t","protected":false},"excerpt":{"rendered":"<p>AIRTREN S.L. \u00a0Es una compa\u00f1\u00eda espa\u00f1ola de Ingenier\u00eda especializada en el mundo de \u00a0Instalaciones Ferroviarias como: Se\u00f1alizaci\u00f3n Ferroviaria Sistemas ERTMS &hellip; <a href=\"https:\/\/airtren.com\/?page_id=14\" class=\"more-link\"><span class=\"more-button\">Continue reading &gt;<span class=\"screen-reader-text\">INICIO<\/span><\/span><\/a><\/p>\n","protected":false},"author":1,"featured_media":0,"parent":0,"menu_order":0,"comment_status":"closed","ping_status":"closed","template":"","meta":{"footnotes":""},"class_list":["post-14","page","type-page","status-publish","hentry"],"_links":{"self":[{"href":"https:\/\/airtren.com\/index.php?rest_route=\/wp\/v2\/pages\/14","targetHints":{"allow":["GET"]}}],"collection":[{"href":"https:\/\/airtren.com\/index.php?rest_route=\/wp\/v2\/pages"}],"about":[{"href":"https:\/\/airtren.com\/index.php?rest_route=\/wp\/v2\/types\/page"}],"author":[{"embeddable":true,"href":"https:\/\/airtren.com\/index.php?rest_route=\/wp\/v2\/users\/1"}],"replies":[{"embeddable":true,"href":"https:\/\/airtren.com\/index.php?rest_route=%2Fwp%2Fv2%2Fcomments&post=14"}],"version-history":[{"count":26,"href":"https:\/\/airtren.com\/index.php?rest_route=\/wp\/v2\/pages\/14\/revisions"}],"predecessor-version":[{"id":406,"href":"https:\/\/airtren.com\/index.php?rest_route=\/wp\/v2\/pages\/14\/revisions\/406"}],"wp:attachment":[{"href":"https:\/\/airtren.com\/index.php?rest_route=%2Fwp%2Fv2%2Fmedia&parent=14"}],"curies":[{"name":"wp","href":"https:\/\/api.w.org\/{rel}","templated":true}]}}