{"id":120,"date":"2018-04-10T15:09:06","date_gmt":"2018-04-10T15:09:06","guid":{"rendered":"http:\/\/airtren.com\/wordpress\/?page_id=120"},"modified":"2025-11-17T07:54:40","modified_gmt":"2025-11-17T07:54:40","slug":"isa","status":"publish","type":"page","link":"https:\/\/airtren.com\/?page_id=120","title":{"rendered":"ISA"},"content":{"rendered":"\n<p>AIRTREN es una entidad de inspecci\u00f3n acreditada por ENAC con acreditaci\u00f3n N\u00ba 324\/EI534 para la realizaci\u00f3n de actividades de evaluaci\u00f3n, conforme a los criterios de la norma UNE-EN ISO\/IEC 17020 [1] en el sector ferroviario, para el desarrollo de Evaluaciones Independientes de Seguridad (ISA, Independent Safety Assessment) para los subsistemas de control, mando y se\u00f1alizaci\u00f3n (CMS) y energ\u00eda, conforme a la normativa de seguridad CENELEC de referencia<\/p>\n","protected":false},"excerpt":{"rendered":"<p>AIRTREN es una entidad de inspecci\u00f3n acreditada por ENAC con acreditaci\u00f3n N\u00ba 324\/EI534 para la realizaci\u00f3n de actividades de evaluaci\u00f3n, &hellip; <a href=\"https:\/\/airtren.com\/?page_id=120\" class=\"more-link\"><span class=\"more-button\">Continue reading &gt;<span class=\"screen-reader-text\">ISA<\/span><\/span><\/a><\/p>\n","protected":false},"author":1,"featured_media":0,"parent":0,"menu_order":0,"comment_status":"closed","ping_status":"closed","template":"","meta":{"footnotes":""},"class_list":["post-120","page","type-page","status-publish","hentry"],"_links":{"self":[{"href":"https:\/\/airtren.com\/index.php?rest_route=\/wp\/v2\/pages\/120","targetHints":{"allow":["GET"]}}],"collection":[{"href":"https:\/\/airtren.com\/index.php?rest_route=\/wp\/v2\/pages"}],"about":[{"href":"https:\/\/airtren.com\/index.php?rest_route=\/wp\/v2\/types\/page"}],"author":[{"embeddable":true,"href":"https:\/\/airtren.com\/index.php?rest_route=\/wp\/v2\/users\/1"}],"replies":[{"embeddable":true,"href":"https:\/\/airtren.com\/index.php?rest_route=%2Fwp%2Fv2%2Fcomments&post=120"}],"version-history":[{"count":17,"href":"https:\/\/airtren.com\/index.php?rest_route=\/wp\/v2\/pages\/120\/revisions"}],"predecessor-version":[{"id":410,"href":"https:\/\/airtren.com\/index.php?rest_route=\/wp\/v2\/pages\/120\/revisions\/410"}],"wp:attachment":[{"href":"https:\/\/airtren.com\/index.php?rest_route=%2Fwp%2Fv2%2Fmedia&parent=120"}],"curies":[{"name":"wp","href":"https:\/\/api.w.org\/{rel}","templated":true}]}}